{"id":1415,"date":"2016-02-12T07:54:41","date_gmt":"2016-02-12T07:54:41","guid":{"rendered":"http:\/\/demos.famethemes.com\/onepress\/?page_id=4"},"modified":"2024-01-11T08:46:45","modified_gmt":"2024-01-11T08:46:45","slug":"home-2","status":"publish","type":"page","link":"https:\/\/activili.se\/en\/","title":{"rendered":"Home"},"content":{"rendered":"<div class=\"wp-block-cover is-light hero-banner uag-hide-desktop uag-hide-tab uag-hide-mob\"><span aria-hidden=\"true\" class=\"wp-block-cover__background has-white-background-color has-background-dim-60 has-background-dim\"><\/span><img loading=\"lazy\" decoding=\"async\" width=\"1440\" height=\"500\" class=\"wp-block-cover__image-background wp-image-1658\" alt=\"\" src=\"https:\/\/activili.se\/wp-content\/uploads\/2023\/02\/BannerWithoutfont.png\" style=\"object-position:77% 56%\" data-object-fit=\"cover\" data-object-position=\"77% 56%\" srcset=\"https:\/\/activili.se\/wp-content\/uploads\/2023\/02\/BannerWithoutfont.png 1440w, https:\/\/activili.se\/wp-content\/uploads\/2023\/02\/BannerWithoutfont-300x104.png 300w, https:\/\/activili.se\/wp-content\/uploads\/2023\/02\/BannerWithoutfont-1024x356.png 1024w, https:\/\/activili.se\/wp-content\/uploads\/2023\/02\/BannerWithoutfont-768x267.png 768w, https:\/\/activili.se\/wp-content\/uploads\/2023\/02\/BannerWithoutfont-1000x347.png 1000w, https:\/\/activili.se\/wp-content\/uploads\/2023\/02\/BannerWithoutfont-230x80.png 230w, https:\/\/activili.se\/wp-content\/uploads\/2023\/02\/BannerWithoutfont-350x122.png 350w, https:\/\/activili.se\/wp-content\/uploads\/2023\/02\/BannerWithoutfont-480x167.png 480w\" sizes=\"auto, (max-width: 1440px) 100vw, 1440px\" \/><div class=\"wp-block-cover__inner-container is-layout-flow wp-block-cover-is-layout-flow\">\n<div class=\"wp-block-uagb-container uagb-block-1a9240f4 default uagb-is-root-container\">\n<h1 class=\"wp-block-heading\">Easily Book Kid\u2019s Activities <span>with Activili<\/span><\/h1>\n\n\n\n<h2 class=\"wp-block-heading uag-hide-mob\" style=\"font-size:28px;font-style:normal;font-weight:400\">Your one stop solution for all activities!<\/h2>\n\n\n\n<p style=\"font-size:18px\">Find, Book, Pay and Enjoy \u2013 One Stop for all Kids\u2019 Activities.<\/p>\n\n\n\n<div class=\"wp-block-columns is-layout-flex wp-container-core-columns-is-layout-9d6595d7 wp-block-columns-is-layout-flex\">\n<div class=\"wp-block-column is-layout-flow wp-block-column-is-layout-flow\">\n<div class=\"wp-block-buttons is-layout-flex wp-block-buttons-is-layout-flex\">\n<div class=\"wp-block-button\"><a class=\"wp-block-button__link wp-element-button\" href=\"https:\/\/activili.se\/en\/contact\/\" style=\"border-radius:12px\">Get started<\/a><\/div>\n<\/div>\n<\/div>\n<\/div>\n<\/div>\n<\/div><\/div>\n\n\n\n<div class=\"wp-block-uagb-container hero-banner uagb-block-7adddeb3 default uagb-is-root-container\">\n<div class=\"wp-block-uagb-container uagb-block-b6183a10\">\n<h1 class=\"wp-block-heading\">Easily Book Kid\u2019s Activities <span>with Activili<\/span><\/h1>\n\n\n\n<div style=\"height:4px\" aria-hidden=\"true\" class=\"wp-block-spacer\"><\/div>\n\n\n\n<p class=\"has-text-align-left has-black-color has-text-color\" style=\"font-size:18px\">Find, Book, Pay and Enjoy \u2013 One Stop for all Kids\u2019 Activities.<\/p>\n\n\n\n<div class=\"wp-block-buttons is-layout-flex wp-block-buttons-is-layout-flex\">\n<div class=\"wp-block-button\"><a class=\"wp-block-button__link wp-element-button\" href=\"https:\/\/activili.se\/en\/contact\/\" style=\"border-radius:12px\">Get started<\/a><\/div>\n<\/div>\n<\/div>\n\n\n\n<div class=\"wp-block-uagb-container uagb-block-6a991fb7\">\n<figure class=\"wp-block-image size-full\"><img loading=\"lazy\" decoding=\"async\" width=\"1024\" height=\"821\" src=\"https:\/\/activili.se\/wp-content\/uploads\/2023\/03\/banner-image.png\" alt=\"\" class=\"wp-image-1931\" srcset=\"https:\/\/activili.se\/wp-content\/uploads\/2023\/03\/banner-image.png 1024w, https:\/\/activili.se\/wp-content\/uploads\/2023\/03\/banner-image-300x241.png 300w, https:\/\/activili.se\/wp-content\/uploads\/2023\/03\/banner-image-768x616.png 768w, https:\/\/activili.se\/wp-content\/uploads\/2023\/03\/banner-image-1000x802.png 1000w, https:\/\/activili.se\/wp-content\/uploads\/2023\/03\/banner-image-230x184.png 230w, https:\/\/activili.se\/wp-content\/uploads\/2023\/03\/banner-image-350x281.png 350w, https:\/\/activili.se\/wp-content\/uploads\/2023\/03\/banner-image-480x385.png 480w\" sizes=\"auto, (max-width: 1024px) 100vw, 1024px\" \/><\/figure>\n<\/div>\n<\/div>\n\n\n\n<div class=\"wp-block-uagb-container uagb-block-2a090e95 default uagb-is-root-container\">\n<h2 class=\"wp-block-heading has-text-align-center\">Why Activili<\/h2>\n\n\n\n<div class=\"wp-block-group\"><div class=\"wp-block-group__inner-container is-layout-constrained wp-block-group-is-layout-constrained\">\n<div class=\"wp-block-columns is-layout-flex wp-container-core-columns-is-layout-9d6595d7 wp-block-columns-is-layout-flex\">\n<div class=\"wp-block-column is-layout-flow wp-block-column-is-layout-flow\">\n<div class=\"wp-block-uagb-info-box uagb-block-30313628 uagb-infobox__content-wrap  uagb-infobox-icon-above-title uagb-infobox-image-valign-top\" id=\"h4\"><div class=\"uagb-ifb-content\"><div class=\"uagb-ifb-image-content\"><img decoding=\"async\" src=\"https:\/\/activili.se\/wp-content\/uploads\/2023\/03\/PR.png\" alt=\"Interactive Sales\" width=\"100\" height=\"105\" loading=\"lazy\"\/><\/div><div class=\"uagb-ifb-title-wrap\"><h3 class=\"uagb-ifb-title\">Personalized Recommendations<\/h3><\/div><p class=\"uagb-ifb-desc\">Personalized Recommendations based on kid's profile and likings<\/p><\/div><\/div>\n<\/div>\n\n\n\n<div class=\"wp-block-column is-layout-flow wp-block-column-is-layout-flow\">\n<div class=\"wp-block-uagb-info-box uagb-block-15076d69 uagb-infobox__content-wrap  uagb-infobox-icon-above-title uagb-infobox-image-valign-top\" id=\"h4\"><div class=\"uagb-ifb-content\"><div class=\"uagb-ifb-image-content\"><img decoding=\"async\" src=\"https:\/\/activili.se\/wp-content\/uploads\/2023\/03\/OneClick.png\" alt=\"Free listing\" width=\"100\" height=\"105\" loading=\"lazy\"\/><\/div><div class=\"uagb-ifb-title-wrap\"><h3 class=\"uagb-ifb-title\">One Click Booking<\/h3><\/div><p class=\"uagb-ifb-desc\">Easy booking, payment and refund<\/p><\/div><\/div>\n<\/div>\n\n\n\n<div class=\"wp-block-column is-layout-flow wp-block-column-is-layout-flow\">\n<div class=\"wp-block-uagb-info-box uagb-block-e2c0cc3e uagb-infobox__content-wrap  uagb-infobox-icon-above-title uagb-infobox-image-valign-top\"><div class=\"uagb-ifb-content\"><div class=\"uagb-ifb-image-content\"><img decoding=\"async\" src=\"https:\/\/activili.se\/wp-content\/uploads\/2023\/03\/BestOffers.png\" alt=\"Best Offer\" width=\"100\" height=\"105\" loading=\"lazy\"\/><\/div><div class=\"uagb-ifb-title-wrap\"><h3 class=\"uagb-ifb-title\">Best Rates and Offers<\/h3><\/div><p class=\"uagb-ifb-desc\">Get highly negotiated rates for activities from top partners<\/p><\/div><\/div>\n<\/div>\n\n\n\n<div class=\"wp-block-column is-layout-flow wp-block-column-is-layout-flow\">\n<div class=\"wp-block-uagb-info-box uagb-block-2c6e17eb uagb-infobox__content-wrap  uagb-infobox-icon-above-title uagb-infobox-image-valign-top\"><div class=\"uagb-ifb-content\"><div class=\"uagb-ifb-image-content\"><img decoding=\"async\" src=\"https:\/\/activili.se\/wp-content\/uploads\/2023\/03\/BestExperience.png\" alt=\"Payment and booking\" width=\"100\" height=\"105\" loading=\"lazy\"\/><\/div><div class=\"uagb-ifb-title-wrap\"><h3 class=\"uagb-ifb-title\">Best Experience<\/h3><\/div><p class=\"uagb-ifb-desc\">Our customer support will make sure you get the best from the sellers<\/p><\/div><\/div>\n<\/div>\n<\/div>\n\n\n\n<div class=\"wp-block-buttons is-content-justification-center is-layout-flex wp-container-core-buttons-is-layout-16018d1d wp-block-buttons-is-layout-flex\">\n<div class=\"wp-block-button\"><a class=\"wp-block-button__link wp-element-button\" href=\"https:\/\/activili.se\/en\/all-capabilities\/\">See all capabilities<\/a><\/div>\n<\/div>\n<\/div><\/div>\n<\/div>\n\n\n\n<div class=\"wp-block-cover is-light\" style=\"min-height:50px;aspect-ratio:unset;\"><span aria-hidden=\"true\" class=\"wp-block-cover__background has-background-dim-100 has-background-dim\" style=\"background-color:#d2dcdf\"><\/span><div class=\"wp-block-cover__inner-container is-layout-flow wp-block-cover-is-layout-flow\">\n<div class=\"wp-block-uagb-container learn-items uagb-block-e0ff5f97 default uagb-is-root-container\">\n<h2 class=\"wp-block-heading has-text-align-left has-black-color has-text-color\">What will your kids learn<\/h2>\n\n\n\n<div class=\"wp-block-columns is-layout-flex wp-container-core-columns-is-layout-9d6595d7 wp-block-columns-is-layout-flex\">\n<div class=\"wp-block-column has-white-background-color has-background is-layout-flow wp-block-column-is-layout-flow\">\n<div class=\"wp-block-uagb-info-box uagb-block-8bd7689c uagb-infobox__content-wrap  uagb-infobox-icon-above-title uagb-infobox-image-valign-top\"><div class=\"uagb-ifb-content\"><div class=\"uagb-ifb-image-content\"><img decoding=\"async\" src=\"https:\/\/activili.se\/wp-content\/uploads\/2023\/03\/Sports.png\" alt=\"Sports icon\" width=\"\" height=\"0\" loading=\"lazy\"\/><\/div><div class=\"uagb-ifb-title-wrap\"><\/div><p class=\"uagb-ifb-desc\">Sports<\/p><\/div><\/div>\n<\/div>\n\n\n\n<div class=\"wp-block-column has-white-background-color has-background is-layout-flow wp-block-column-is-layout-flow\">\n<div class=\"wp-block-uagb-info-box uagb-block-e7cc1971 uagb-infobox__content-wrap  uagb-infobox-icon-above-title uagb-infobox-image-valign-top\"><div class=\"uagb-ifb-content\"><div class=\"uagb-ifb-image-content\"><img decoding=\"async\" src=\"https:\/\/activili.se\/wp-content\/uploads\/2023\/03\/music.png\" alt=\"Music icon\" width=\"\" height=\"0\" loading=\"lazy\"\/><\/div><div class=\"uagb-ifb-title-wrap\"><\/div><p class=\"uagb-ifb-desc\">Music<\/p><\/div><\/div>\n<\/div>\n\n\n\n<div class=\"wp-block-column has-white-background-color has-background is-layout-flow wp-block-column-is-layout-flow\">\n<div class=\"wp-block-uagb-info-box uagb-block-8ebcc285 uagb-infobox__content-wrap  uagb-infobox-icon-above-title uagb-infobox-image-valign-top\"><div class=\"uagb-ifb-content\"><div class=\"uagb-ifb-image-content\"><img decoding=\"async\" src=\"https:\/\/activili.se\/wp-content\/uploads\/2023\/03\/Education.png\" alt=\"Education icon\" width=\"\" height=\"0\" loading=\"lazy\"\/><\/div><div class=\"uagb-ifb-title-wrap\"><\/div><p class=\"uagb-ifb-desc\">Education<\/p><\/div><\/div>\n<\/div>\n\n\n\n<div class=\"wp-block-column has-white-background-color has-background is-layout-flow wp-block-column-is-layout-flow\">\n<div class=\"wp-block-uagb-info-box uagb-block-50c4a4e2 uagb-infobox__content-wrap  uagb-infobox-icon-above-title uagb-infobox-image-valign-top\"><div class=\"uagb-ifb-content\"><div class=\"uagb-ifb-image-content\"><img decoding=\"async\" src=\"https:\/\/activili.se\/wp-content\/uploads\/2023\/03\/Painting.png\" alt=\"Painting icon\" width=\"\" height=\"0\" loading=\"lazy\"\/><\/div><div class=\"uagb-ifb-title-wrap\"><\/div><p class=\"uagb-ifb-desc\">Painting<\/p><\/div><\/div>\n<\/div>\n\n\n\n<div class=\"wp-block-column has-white-background-color has-background is-layout-flow wp-block-column-is-layout-flow\">\n<div class=\"wp-block-uagb-info-box uagb-block-46637324 uagb-infobox__content-wrap  uagb-infobox-icon-above-title uagb-infobox-image-valign-top\"><div class=\"uagb-ifb-content\"><div class=\"uagb-ifb-image-content\"><img decoding=\"async\" src=\"https:\/\/activili.se\/wp-content\/uploads\/2023\/03\/other.png\" alt=\"Other icon\" width=\"\" height=\"0\" loading=\"lazy\"\/><\/div><div class=\"uagb-ifb-title-wrap\"><\/div><p class=\"uagb-ifb-desc\">Other<\/p><\/div><\/div>\n<\/div>\n<\/div>\n<\/div>\n<\/div><\/div>\n\n\n\n<div style=\"height:32px\" aria-hidden=\"true\" class=\"wp-block-spacer\"><\/div>\n\n\n\n<div class=\"wp-block-uagb-container uagb-block-f15f9366 default uagb-is-root-container\">\n<div class=\"wp-block-uagb-container uagb-block-ee4be902\">\n<figure class=\"wp-block-image size-full\"><img loading=\"lazy\" decoding=\"async\" width=\"1313\" height=\"1599\" src=\"https:\/\/activili.se\/wp-content\/uploads\/2023\/02\/App-graphic-1.png\" alt=\"\" class=\"wp-image-1768\" srcset=\"https:\/\/activili.se\/wp-content\/uploads\/2023\/02\/App-graphic-1.png 1313w, https:\/\/activili.se\/wp-content\/uploads\/2023\/02\/App-graphic-1-246x300.png 246w, https:\/\/activili.se\/wp-content\/uploads\/2023\/02\/App-graphic-1-841x1024.png 841w, https:\/\/activili.se\/wp-content\/uploads\/2023\/02\/App-graphic-1-768x935.png 768w, https:\/\/activili.se\/wp-content\/uploads\/2023\/02\/App-graphic-1-1261x1536.png 1261w, https:\/\/activili.se\/wp-content\/uploads\/2023\/02\/App-graphic-1-10x12.png 10w, https:\/\/activili.se\/wp-content\/uploads\/2023\/02\/App-graphic-1-1000x1218.png 1000w, https:\/\/activili.se\/wp-content\/uploads\/2023\/02\/App-graphic-1-230x280.png 230w, https:\/\/activili.se\/wp-content\/uploads\/2023\/02\/App-graphic-1-350x426.png 350w, https:\/\/activili.se\/wp-content\/uploads\/2023\/02\/App-graphic-1-480x585.png 480w\" sizes=\"auto, (max-width: 1313px) 100vw, 1313px\" \/><\/figure>\n<\/div>\n\n\n\n<div class=\"wp-block-uagb-container uagb-block-dfd145cd\">\n<h2 class=\"wp-block-heading has-text-color\" style=\"color:#000000;font-size:32px\"><strong><strong>Your one click partner for all your kid\u2019s activities.<\/strong><\/strong><\/h2>\n\n\n\n<div style=\"height:10px\" aria-hidden=\"true\" class=\"wp-block-spacer\"><\/div>\n\n\n\n<p class=\"has-medium-font-size\">Download the app now<\/p>\n\n\n\n<figure class=\"wp-block-image size-large is-resized\" id=\"anchor\"><a href=\"https:\/\/play.google.com\/store\/apps\/details?id=com.activili&amp;pli=1\"><img loading=\"lazy\" decoding=\"async\" width=\"1024\" height=\"340\" src=\"https:\/\/activili.se\/wp-content\/uploads\/2023\/02\/google-play-1024x340.png\" alt=\"\" class=\"wp-image-1775\" style=\"width:163px;height:54px\" srcset=\"https:\/\/activili.se\/wp-content\/uploads\/2023\/02\/google-play-1024x340.png 1024w, https:\/\/activili.se\/wp-content\/uploads\/2023\/02\/google-play-300x100.png 300w, https:\/\/activili.se\/wp-content\/uploads\/2023\/02\/google-play-768x255.png 768w, https:\/\/activili.se\/wp-content\/uploads\/2023\/02\/google-play-1536x511.png 1536w, https:\/\/activili.se\/wp-content\/uploads\/2023\/02\/google-play-2048x681.png 2048w, https:\/\/activili.se\/wp-content\/uploads\/2023\/02\/google-play-1000x332.png 1000w, https:\/\/activili.se\/wp-content\/uploads\/2023\/02\/google-play-230x76.png 230w, https:\/\/activili.se\/wp-content\/uploads\/2023\/02\/google-play-350x116.png 350w, https:\/\/activili.se\/wp-content\/uploads\/2023\/02\/google-play-480x160.png 480w\" sizes=\"auto, (max-width: 1024px) 100vw, 1024px\" \/><\/a><\/figure>\n\n\n\n<figure class=\"wp-block-image size-large is-resized\"><a href=\"https:\/\/apps.apple.com\/us\/app\/activili\/id6446834897\"><img loading=\"lazy\" decoding=\"async\" width=\"1024\" height=\"340\" src=\"https:\/\/activili.se\/wp-content\/uploads\/2023\/02\/IOS-1024x340.png\" alt=\"\" class=\"wp-image-1782\" style=\"width:163px;height:52px\" srcset=\"https:\/\/activili.se\/wp-content\/uploads\/2023\/02\/IOS-1024x340.png 1024w, https:\/\/activili.se\/wp-content\/uploads\/2023\/02\/IOS-300x100.png 300w, https:\/\/activili.se\/wp-content\/uploads\/2023\/02\/IOS-768x255.png 768w, https:\/\/activili.se\/wp-content\/uploads\/2023\/02\/IOS-1536x511.png 1536w, https:\/\/activili.se\/wp-content\/uploads\/2023\/02\/IOS-2048x681.png 2048w, https:\/\/activili.se\/wp-content\/uploads\/2023\/02\/IOS-1000x332.png 1000w, https:\/\/activili.se\/wp-content\/uploads\/2023\/02\/IOS-230x76.png 230w, https:\/\/activili.se\/wp-content\/uploads\/2023\/02\/IOS-350x116.png 350w, https:\/\/activili.se\/wp-content\/uploads\/2023\/02\/IOS-480x160.png 480w\" sizes=\"auto, (max-width: 1024px) 100vw, 1024px\" \/><\/a><\/figure>\n\n\n\n<p class=\"has-medium-font-size\">Or scan the QR code<\/p>\n\n\n\n<figure class=\"wp-block-image size-full\"><img loading=\"lazy\" decoding=\"async\" width=\"100\" height=\"100\" src=\"https:\/\/activili.se\/wp-content\/uploads\/2023\/07\/Android-App.png\" alt=\"\" class=\"wp-image-2025\" srcset=\"https:\/\/activili.se\/wp-content\/uploads\/2023\/07\/Android-App.png 100w, https:\/\/activili.se\/wp-content\/uploads\/2023\/07\/Android-App-12x12.png 12w\" sizes=\"auto, (max-width: 100px) 100vw, 100px\" \/><figcaption class=\"wp-element-caption\">Android<\/figcaption><\/figure>\n\n\n\n<div class=\"wp-block-columns is-layout-flex wp-container-core-columns-is-layout-9d6595d7 wp-block-columns-is-layout-flex\">\n<div class=\"wp-block-column is-layout-flow wp-block-column-is-layout-flow\">\n<figure class=\"wp-block-image size-full\"><img loading=\"lazy\" decoding=\"async\" width=\"100\" height=\"100\" src=\"https:\/\/activili.se\/wp-content\/uploads\/2023\/07\/IOS-App.png\" alt=\"\" class=\"wp-image-2024\" srcset=\"https:\/\/activili.se\/wp-content\/uploads\/2023\/07\/IOS-App.png 100w, https:\/\/activili.se\/wp-content\/uploads\/2023\/07\/IOS-App-12x12.png 12w\" sizes=\"auto, (max-width: 100px) 100vw, 100px\" \/><figcaption class=\"wp-element-caption\">iOS<\/figcaption><\/figure>\n<\/div>\n<\/div>\n<\/div>\n<\/div>\n\n\n\n<div class=\"wp-block-uagb-container uagb-block-cc3448ab default uagb-is-root-container\">\n<div class=\"wp-block-columns is-layout-flex wp-container-core-columns-is-layout-9d6595d7 wp-block-columns-is-layout-flex\">\n<div class=\"wp-block-column has-small-font-size is-layout-flow wp-block-column-is-layout-flow\"><div class=\"wp-block-image\">\n<figure class=\"aligncenter size-full\"><img loading=\"lazy\" decoding=\"async\" width=\"458\" height=\"911\" src=\"https:\/\/activili.se\/wp-content\/uploads\/2023\/08\/Ex1-1-1.png\" alt=\"\" class=\"wp-image-2037\" srcset=\"https:\/\/activili.se\/wp-content\/uploads\/2023\/08\/Ex1-1-1.png 458w, https:\/\/activili.se\/wp-content\/uploads\/2023\/08\/Ex1-1-1-151x300.png 151w, https:\/\/activili.se\/wp-content\/uploads\/2023\/08\/Ex1-1-1-6x12.png 6w, https:\/\/activili.se\/wp-content\/uploads\/2023\/08\/Ex1-1-1-230x457.png 230w, https:\/\/activili.se\/wp-content\/uploads\/2023\/08\/Ex1-1-1-350x696.png 350w\" sizes=\"auto, (max-width: 458px) 100vw, 458px\" \/><\/figure>\n<\/div>\n\n\n<p class=\"has-text-align-center has-medium-font-size\"><strong>Scroll through hundreds of activities<\/strong><\/p>\n<\/div>\n\n\n\n<div class=\"wp-block-column has-small-font-size is-layout-flow wp-block-column-is-layout-flow\"><div class=\"wp-block-image\">\n<figure class=\"aligncenter size-full\"><img loading=\"lazy\" decoding=\"async\" width=\"458\" height=\"911\" src=\"https:\/\/activili.se\/wp-content\/uploads\/2023\/03\/Ex2-1-1.png\" alt=\"\" class=\"wp-image-1945\" srcset=\"https:\/\/activili.se\/wp-content\/uploads\/2023\/03\/Ex2-1-1.png 458w, https:\/\/activili.se\/wp-content\/uploads\/2023\/03\/Ex2-1-1-151x300.png 151w, https:\/\/activili.se\/wp-content\/uploads\/2023\/03\/Ex2-1-1-6x12.png 6w, https:\/\/activili.se\/wp-content\/uploads\/2023\/03\/Ex2-1-1-230x457.png 230w, https:\/\/activili.se\/wp-content\/uploads\/2023\/03\/Ex2-1-1-350x696.png 350w\" sizes=\"auto, (max-width: 458px) 100vw, 458px\" \/><\/figure>\n<\/div>\n\n\n<p class=\"has-text-align-center has-medium-font-size\"><strong><strong>Browse activities on the map<\/strong><\/strong><\/p>\n<\/div>\n\n\n\n<div class=\"wp-block-column has-small-font-size is-layout-flow wp-block-column-is-layout-flow\"><div class=\"wp-block-image\">\n<figure class=\"aligncenter size-full\"><img loading=\"lazy\" decoding=\"async\" width=\"458\" height=\"911\" src=\"https:\/\/activili.se\/wp-content\/uploads\/2023\/03\/Ex3-1-1.png\" alt=\"\" class=\"wp-image-1946\" srcset=\"https:\/\/activili.se\/wp-content\/uploads\/2023\/03\/Ex3-1-1.png 458w, https:\/\/activili.se\/wp-content\/uploads\/2023\/03\/Ex3-1-1-151x300.png 151w, https:\/\/activili.se\/wp-content\/uploads\/2023\/03\/Ex3-1-1-6x12.png 6w, https:\/\/activili.se\/wp-content\/uploads\/2023\/03\/Ex3-1-1-230x457.png 230w, https:\/\/activili.se\/wp-content\/uploads\/2023\/03\/Ex3-1-1-350x696.png 350w\" sizes=\"auto, (max-width: 458px) 100vw, 458px\" \/><\/figure>\n<\/div>\n\n\n<p class=\"has-text-align-center has-medium-font-size\"><strong><strong><strong>Contact clubs and book activities<\/strong><\/strong><\/strong><\/p>\n<\/div>\n<\/div>\n<\/div>","protected":false},"excerpt":{"rendered":"<p>Enkel att boka aktiviteter f\u00f6r barn med Activili Hitta, boka, betala och upplev \u2013 Alla dina barns aktiviteter p\u00e5 ett st\u00e4lle. Varf\u00f6r [&hellip;]<\/p>","protected":false},"author":1,"featured_media":0,"parent":0,"menu_order":0,"comment_status":"closed","ping_status":"closed","template":"","meta":{"_uag_custom_page_level_css":"","footnotes":""},"class_list":["post-1415","page","type-page","status-publish","hentry"],"uagb_featured_image_src":{"full":false,"thumbnail":false,"medium":false,"medium_large":false,"large":false,"1536x1536":false,"2048x2048":false,"trp-custom-language-flag":false,"sydney-large-thumb":false,"sydney-medium-thumb":false,"sydney-small-thumb":false,"sydney-service-thumb":false,"sydney-mas-thumb":false},"uagb_author_info":{"display_name":"admin","author_link":"https:\/\/activili.se\/en\/author\/admin\/"},"uagb_comment_info":0,"uagb_excerpt":"Enkel att boka aktiviteter f\u00f6r barn med Activili Hitta, boka, betala och upplev \u2013 Alla dina barns aktiviteter p\u00e5 ett st\u00e4lle. Varf\u00f6r [&hellip;]","_links":{"self":[{"href":"https:\/\/activili.se\/en\/wp-json\/wp\/v2\/pages\/1415","targetHints":{"allow":["GET"]}}],"collection":[{"href":"https:\/\/activili.se\/en\/wp-json\/wp\/v2\/pages"}],"about":[{"href":"https:\/\/activili.se\/en\/wp-json\/wp\/v2\/types\/page"}],"author":[{"embeddable":true,"href":"https:\/\/activili.se\/en\/wp-json\/wp\/v2\/users\/1"}],"replies":[{"embeddable":true,"href":"https:\/\/activili.se\/en\/wp-json\/wp\/v2\/comments?post=1415"}],"version-history":[{"count":193,"href":"https:\/\/activili.se\/en\/wp-json\/wp\/v2\/pages\/1415\/revisions"}],"predecessor-version":[{"id":2146,"href":"https:\/\/activili.se\/en\/wp-json\/wp\/v2\/pages\/1415\/revisions\/2146"}],"wp:attachment":[{"href":"https:\/\/activili.se\/en\/wp-json\/wp\/v2\/media?parent=1415"}],"curies":[{"name":"wp","href":"https:\/\/api.w.org\/{rel}","templated":true}]}}