{"id":1728,"date":"2023-02-22T11:30:51","date_gmt":"2023-02-22T11:30:51","guid":{"rendered":"http:\/\/activili.anktech.in\/?page_id=1728"},"modified":"2023-09-28T09:49:03","modified_gmt":"2023-09-28T09:49:03","slug":"partner-with-us","status":"publish","type":"page","link":"https:\/\/activili.se\/en\/partner-with-us\/","title":{"rendered":"Partner with us"},"content":{"rendered":"<div class=\"wp-block-cover is-light hero-banner uag-hide-desktop uag-hide-tab uag-hide-mob\"><span aria-hidden=\"true\" class=\"wp-block-cover__background has-white-background-color has-background-dim-60 has-background-dim\"><\/span><img loading=\"lazy\" decoding=\"async\" width=\"1440\" height=\"500\" class=\"wp-block-cover__image-background wp-image-1658\" alt=\"\" src=\"https:\/\/activili.se\/wp-content\/uploads\/2023\/02\/BannerWithoutfont.png\" style=\"object-position:77% 56%\" data-object-fit=\"cover\" data-object-position=\"77% 56%\" srcset=\"https:\/\/activili.se\/wp-content\/uploads\/2023\/02\/BannerWithoutfont.png 1440w, https:\/\/activili.se\/wp-content\/uploads\/2023\/02\/BannerWithoutfont-300x104.png 300w, https:\/\/activili.se\/wp-content\/uploads\/2023\/02\/BannerWithoutfont-1024x356.png 1024w, https:\/\/activili.se\/wp-content\/uploads\/2023\/02\/BannerWithoutfont-768x267.png 768w, https:\/\/activili.se\/wp-content\/uploads\/2023\/02\/BannerWithoutfont-1000x347.png 1000w, https:\/\/activili.se\/wp-content\/uploads\/2023\/02\/BannerWithoutfont-230x80.png 230w, https:\/\/activili.se\/wp-content\/uploads\/2023\/02\/BannerWithoutfont-350x122.png 350w, https:\/\/activili.se\/wp-content\/uploads\/2023\/02\/BannerWithoutfont-480x167.png 480w\" sizes=\"auto, (max-width: 1440px) 100vw, 1440px\" \/><div class=\"wp-block-cover__inner-container is-layout-flow wp-block-cover-is-layout-flow\">\n<div class=\"wp-block-uagb-container uagb-block-e453dc06 default uagb-is-root-container\">\n<h1 class=\"wp-block-heading\"><strong>Simplify Kids' Activities Management in Sweden!<\/strong><\/h1>\n\n\n\n<p style=\"font-size:18px\">Seamlessly Manage Activities, Bookings, and Customer Communication!<\/p>\n\n\n\n<div class=\"wp-block-columns is-layout-flex wp-container-core-columns-is-layout-9d6595d7 wp-block-columns-is-layout-flex\">\n<div class=\"wp-block-column is-layout-flow wp-block-column-is-layout-flow\">\n<div class=\"wp-block-buttons is-layout-flex wp-block-buttons-is-layout-flex\">\n<div class=\"wp-block-button\"><a class=\"wp-block-button__link wp-element-button\" href=\"https:\/\/activili.app\/register\" style=\"border-radius:12px\">Become a partner<\/a><\/div>\n<\/div>\n<\/div>\n<\/div>\n<\/div>\n<\/div><\/div>\n\n\n\n<div class=\"wp-block-uagb-container hero-banner uagb-block-ab895232 default uagb-is-root-container\">\n<div class=\"wp-block-uagb-container uagb-block-c4dc1477\">\n<h1 class=\"wp-block-heading\"><strong>Simplify Kids' Activities Management in Sweden!<\/strong><\/h1>\n\n\n\n<div style=\"height:4px\" aria-hidden=\"true\" class=\"wp-block-spacer\"><\/div>\n\n\n\n<p class=\"has-text-align-left has-black-color has-text-color\" style=\"font-size:18px\">Seamlessly Manage Activities, Bookings, and Customer Communication!<\/p>\n\n\n\n<div class=\"wp-block-buttons is-layout-flex wp-block-buttons-is-layout-flex\">\n<div class=\"wp-block-button\"><a class=\"wp-block-button__link wp-element-button\" href=\"https:\/\/activili.app\/register\" style=\"border-radius:12px\">Become a partner<\/a><\/div>\n<\/div>\n<\/div>\n\n\n\n<div class=\"wp-block-uagb-container uagb-block-6631b4c2\">\n<figure class=\"wp-block-image size-full\"><img loading=\"lazy\" decoding=\"async\" width=\"1024\" height=\"821\" src=\"https:\/\/activili.se\/wp-content\/uploads\/2023\/03\/banner-image.png\" alt=\"\" class=\"wp-image-1931\" srcset=\"https:\/\/activili.se\/wp-content\/uploads\/2023\/03\/banner-image.png 1024w, https:\/\/activili.se\/wp-content\/uploads\/2023\/03\/banner-image-300x241.png 300w, https:\/\/activili.se\/wp-content\/uploads\/2023\/03\/banner-image-768x616.png 768w, https:\/\/activili.se\/wp-content\/uploads\/2023\/03\/banner-image-1000x802.png 1000w, https:\/\/activili.se\/wp-content\/uploads\/2023\/03\/banner-image-230x184.png 230w, https:\/\/activili.se\/wp-content\/uploads\/2023\/03\/banner-image-350x281.png 350w, https:\/\/activili.se\/wp-content\/uploads\/2023\/03\/banner-image-480x385.png 480w\" sizes=\"auto, (max-width: 1024px) 100vw, 1024px\" \/><\/figure>\n<\/div>\n<\/div>\n\n\n\n<div class=\"wp-block-uagb-container uagb-block-2d848143 default uagb-is-root-container\">\n<h2 class=\"wp-block-heading has-text-align-center\">Why Activili<\/h2>\n\n\n\n<div class=\"wp-block-group\"><div class=\"wp-block-group__inner-container is-layout-constrained wp-block-group-is-layout-constrained\">\n<div class=\"wp-block-columns is-layout-flex wp-container-core-columns-is-layout-9d6595d7 wp-block-columns-is-layout-flex\">\n<div class=\"wp-block-column is-layout-flow wp-block-column-is-layout-flow\">\n<div class=\"wp-block-uagb-info-box uagb-block-34a13eba uagb-infobox__content-wrap  uagb-infobox-icon-above-title uagb-infobox-image-valign-top\" id=\"h4\"><div class=\"uagb-ifb-content\"><div class=\"uagb-ifb-image-content\"><img decoding=\"async\" src=\"https:\/\/activili.se\/wp-content\/uploads\/2023\/03\/PR.png\" alt=\"Interactive Sales\" width=\"100\" height=\"105\" loading=\"lazy\"\/><\/div><div class=\"uagb-ifb-title-wrap\"><h3 class=\"uagb-ifb-title\">Interactive Sales<\/h3><\/div><p class=\"uagb-ifb-desc\">Best sales channel to engage and retain customers.<\/p><\/div><\/div>\n<\/div>\n\n\n\n<div class=\"wp-block-column is-layout-flow wp-block-column-is-layout-flow\">\n<div class=\"wp-block-uagb-info-box uagb-block-8eac9378 uagb-infobox__content-wrap  uagb-infobox-icon-above-title uagb-infobox-image-valign-top\" id=\"h4\"><div class=\"uagb-ifb-content\"><div class=\"uagb-ifb-image-content\"><img decoding=\"async\" src=\"https:\/\/activili.se\/wp-content\/uploads\/2023\/03\/OneClick.png\" alt=\"Free listing\" width=\"100\" height=\"105\" loading=\"lazy\"\/><\/div><div class=\"uagb-ifb-title-wrap\"><h3 class=\"uagb-ifb-title\">Free listing<\/h3><\/div><p class=\"uagb-ifb-desc\">Free listing on app, we earn only when you earn<\/p><\/div><\/div>\n<\/div>\n\n\n\n<div class=\"wp-block-column is-layout-flow wp-block-column-is-layout-flow\">\n<div class=\"wp-block-uagb-info-box uagb-block-adfa9051 uagb-infobox__content-wrap  uagb-infobox-icon-above-title uagb-infobox-image-valign-top\"><div class=\"uagb-ifb-content\"><div class=\"uagb-ifb-image-content\"><img decoding=\"async\" src=\"https:\/\/activili.se\/wp-content\/uploads\/2023\/03\/BestOffers.png\" alt=\"Best Offer\" width=\"100\" height=\"105\" loading=\"lazy\"\/><\/div><div class=\"uagb-ifb-title-wrap\"><h3 class=\"uagb-ifb-title\">Manage multiple classes and slots<\/h3><\/div><p class=\"uagb-ifb-desc\">Use our proprietary software for calendar and slot management<\/p><\/div><\/div>\n<\/div>\n\n\n\n<div class=\"wp-block-column is-layout-flow wp-block-column-is-layout-flow\">\n<div class=\"wp-block-uagb-info-box uagb-block-78507fe5 uagb-infobox__content-wrap  uagb-infobox-icon-above-title uagb-infobox-image-valign-top\"><div class=\"uagb-ifb-content\"><div class=\"uagb-ifb-image-content\"><img decoding=\"async\" src=\"https:\/\/activili.se\/wp-content\/uploads\/2023\/03\/BestExperience.png\" alt=\"Payment and booking\" width=\"100\" height=\"105\" loading=\"lazy\"\/><\/div><div class=\"uagb-ifb-title-wrap\"><h3 class=\"uagb-ifb-title\">Payment and Booking Management Software<\/h3><\/div><p class=\"uagb-ifb-desc\">Our customer support will make sure you get the best prices from the sellers<\/p><\/div><\/div>\n<\/div>\n<\/div>\n<\/div><\/div>\n\n\n\n<div class=\"wp-block-buttons is-content-justification-center is-layout-flex wp-container-core-buttons-is-layout-16018d1d wp-block-buttons-is-layout-flex\">\n<div class=\"wp-block-button\"><a class=\"wp-block-button__link wp-element-button\" href=\"https:\/\/activili.se\/en\/all-capabilities\/\">See all capabilities<\/a><\/div>\n<\/div>\n<\/div>\n\n\n\n<div style=\"height:32px\" aria-hidden=\"true\" class=\"wp-block-spacer\"><\/div>\n\n\n\n<div class=\"wp-block-uagb-container uagb-block-0ecca552 default uagb-is-root-container\">\n<div class=\"wp-block-media-text is-stacked-on-mobile is-vertically-aligned-center\" style=\"grid-template-columns:62% auto\"><figure class=\"wp-block-media-text__media\"><img loading=\"lazy\" decoding=\"async\" width=\"1905\" height=\"1209\" src=\"https:\/\/activili.se\/wp-content\/uploads\/2023\/04\/Group-177.png\" alt=\"\" class=\"wp-image-1962 size-full\" srcset=\"https:\/\/activili.se\/wp-content\/uploads\/2023\/04\/Group-177.png 1905w, https:\/\/activili.se\/wp-content\/uploads\/2023\/04\/Group-177-300x190.png 300w, https:\/\/activili.se\/wp-content\/uploads\/2023\/04\/Group-177-1024x650.png 1024w, https:\/\/activili.se\/wp-content\/uploads\/2023\/04\/Group-177-768x487.png 768w, https:\/\/activili.se\/wp-content\/uploads\/2023\/04\/Group-177-1536x975.png 1536w, https:\/\/activili.se\/wp-content\/uploads\/2023\/04\/Group-177-18x12.png 18w, https:\/\/activili.se\/wp-content\/uploads\/2023\/04\/Group-177-1000x635.png 1000w, https:\/\/activili.se\/wp-content\/uploads\/2023\/04\/Group-177-230x146.png 230w, https:\/\/activili.se\/wp-content\/uploads\/2023\/04\/Group-177-350x222.png 350w, https:\/\/activili.se\/wp-content\/uploads\/2023\/04\/Group-177-480x305.png 480w\" sizes=\"auto, (max-width: 1905px) 100vw, 1905px\" \/><\/figure><div class=\"wp-block-media-text__content\">\n<h2 class=\"wp-block-heading has-text-color\" style=\"color:#000000;font-size:32px\">Your own portal to manage activities, bookings, cancellation requests<strong>, <\/strong>and communicate with customers<\/h2>\n\n\n\n<div style=\"height:100px\" aria-hidden=\"true\" class=\"wp-block-spacer\"><\/div>\n\n\n\n<p>Click on the link below to become a partner!<\/p>\n\n\n\n<div class=\"wp-block-buttons is-layout-flex wp-block-buttons-is-layout-flex\">\n<div class=\"wp-block-button is-style-fill\"><a class=\"wp-block-button__link wp-element-button\" href=\"https:\/\/activili.se\/en\/contact\/\">Join Now<\/a><\/div>\n<\/div>\n<\/div><\/div>\n<\/div>","protected":false},"excerpt":{"rendered":"<p>F\u00f6renkla hanteringen av barnaktiviteter i Sverige! Hantera aktiviteter, bokningar och kundkommunikation smidigt! Varf\u00f6r Activili Din egen portal f\u00f6r att hantera aktiviteter, bokningar, [&hellip;]<\/p>","protected":false},"author":1,"featured_media":0,"parent":0,"menu_order":0,"comment_status":"closed","ping_status":"closed","template":"","meta":{"_uag_custom_page_level_css":"","footnotes":""},"class_list":["post-1728","page","type-page","status-publish","hentry"],"uagb_featured_image_src":{"full":false,"thumbnail":false,"medium":false,"medium_large":false,"large":false,"1536x1536":false,"2048x2048":false,"trp-custom-language-flag":false,"sydney-large-thumb":false,"sydney-medium-thumb":false,"sydney-small-thumb":false,"sydney-service-thumb":false,"sydney-mas-thumb":false},"uagb_author_info":{"display_name":"admin","author_link":"https:\/\/activili.se\/en\/author\/admin\/"},"uagb_comment_info":0,"uagb_excerpt":"F\u00f6renkla hanteringen av barnaktiviteter i Sverige! Hantera aktiviteter, bokningar och kundkommunikation smidigt! Varf\u00f6r Activili Din egen portal f\u00f6r att hantera aktiviteter, bokningar, [&hellip;]","_links":{"self":[{"href":"https:\/\/activili.se\/en\/wp-json\/wp\/v2\/pages\/1728","targetHints":{"allow":["GET"]}}],"collection":[{"href":"https:\/\/activili.se\/en\/wp-json\/wp\/v2\/pages"}],"about":[{"href":"https:\/\/activili.se\/en\/wp-json\/wp\/v2\/types\/page"}],"author":[{"embeddable":true,"href":"https:\/\/activili.se\/en\/wp-json\/wp\/v2\/users\/1"}],"replies":[{"embeddable":true,"href":"https:\/\/activili.se\/en\/wp-json\/wp\/v2\/comments?post=1728"}],"version-history":[{"count":40,"href":"https:\/\/activili.se\/en\/wp-json\/wp\/v2\/pages\/1728\/revisions"}],"predecessor-version":[{"id":2144,"href":"https:\/\/activili.se\/en\/wp-json\/wp\/v2\/pages\/1728\/revisions\/2144"}],"wp:attachment":[{"href":"https:\/\/activili.se\/en\/wp-json\/wp\/v2\/media?parent=1728"}],"curies":[{"name":"wp","href":"https:\/\/api.w.org\/{rel}","templated":true}]}}