{"id":2055,"date":"2023-09-06T05:08:54","date_gmt":"2023-09-06T05:08:54","guid":{"rendered":"https:\/\/activili.se\/?page_id=2055"},"modified":"2023-09-07T04:58:47","modified_gmt":"2023-09-07T04:58:47","slug":"company-information","status":"publish","type":"page","link":"https:\/\/activili.se\/en\/company-information\/","title":{"rendered":"Company information"},"content":{"rendered":"<div class=\"wp-block-cover\"><span aria-hidden=\"true\" class=\"wp-block-cover__background has-background-dim-30 has-background-dim\"><\/span><img loading=\"lazy\" decoding=\"async\" width=\"1920\" height=\"1280\" class=\"wp-block-cover__image-background wp-image-9\" alt=\"\" src=\"https:\/\/activili.se\/wp-content\/uploads\/2023\/02\/office-g603b5632c_1920.jpg\" data-object-fit=\"cover\" srcset=\"https:\/\/activili.se\/wp-content\/uploads\/2023\/02\/office-g603b5632c_1920.jpg 1920w, https:\/\/activili.se\/wp-content\/uploads\/2023\/02\/office-g603b5632c_1920-300x200.jpg 300w, https:\/\/activili.se\/wp-content\/uploads\/2023\/02\/office-g603b5632c_1920-1024x683.jpg 1024w, https:\/\/activili.se\/wp-content\/uploads\/2023\/02\/office-g603b5632c_1920-768x512.jpg 768w, https:\/\/activili.se\/wp-content\/uploads\/2023\/02\/office-g603b5632c_1920-1536x1024.jpg 1536w\" sizes=\"auto, (max-width: 1920px) 100vw, 1920px\" \/><div class=\"wp-block-cover__inner-container is-layout-flow wp-block-cover-is-layout-flow\">\n<div class=\"wp-block-uagb-container uagb-block-2884256f default uagb-is-root-container\"><h2 style=\"font-style:normal;font-weight:600;\" class=\"has-text-align-center wp-block-post-title has-text-color has-white-color has-large-font-size\">Company information<\/h2><\/div>\n<\/div><\/div>\n\n\n\n<div class=\"wp-block-uagb-container uagb-block-5ee1c61d default uagb-is-root-container\">\n<p><strong>Company information<\/strong><br><br>Company name: Activili AB<br>Email: hello@activili.com<br>Or use <a href=\"https:\/\/activili.se\/en\/contact\/\" data-type=\"page\" data-id=\"116\">our contact form.<br><\/a>We will respond within 48 hours.<br><br>You can also contact customer service by phone on +46 793547445.<br><br><strong>Address<\/strong><br>Activili AB<br>R\u00f6dstuguv\u00e4gen 21B<br>181 30 Liding\u00f6<br>Sweden<br><br><strong>Company organisation number<br><\/strong>559437-1840<\/p>\n<\/div>","protected":false},"excerpt":{"rendered":"<p>F\u00f6retagsinformation F\u00f6retagsnamn: Activili ABEmail: hello@activili.comEller anv\u00e4nd v\u00e5rt kontaktformul\u00e4r.Vi svarar inom 48 timmar. Du kan ocks\u00e5 kontakta kundtj\u00e4nst via telefon p\u00e5 +46 793547445. [&hellip;]<\/p>","protected":false},"author":1,"featured_media":0,"parent":0,"menu_order":0,"comment_status":"closed","ping_status":"closed","template":"","meta":{"_uag_custom_page_level_css":"","footnotes":""},"class_list":["post-2055","page","type-page","status-publish","hentry"],"uagb_featured_image_src":{"full":false,"thumbnail":false,"medium":false,"medium_large":false,"large":false,"1536x1536":false,"2048x2048":false,"trp-custom-language-flag":false,"sydney-large-thumb":false,"sydney-medium-thumb":false,"sydney-small-thumb":false,"sydney-service-thumb":false,"sydney-mas-thumb":false},"uagb_author_info":{"display_name":"admin","author_link":"https:\/\/activili.se\/en\/author\/admin\/"},"uagb_comment_info":0,"uagb_excerpt":"F\u00f6retagsinformation F\u00f6retagsnamn: Activili ABEmail: hello@activili.comEller anv\u00e4nd v\u00e5rt kontaktformul\u00e4r.Vi svarar inom 48 timmar. Du kan ocks\u00e5 kontakta kundtj\u00e4nst via telefon p\u00e5 +46 793547445. [&hellip;]","_links":{"self":[{"href":"https:\/\/activili.se\/en\/wp-json\/wp\/v2\/pages\/2055","targetHints":{"allow":["GET"]}}],"collection":[{"href":"https:\/\/activili.se\/en\/wp-json\/wp\/v2\/pages"}],"about":[{"href":"https:\/\/activili.se\/en\/wp-json\/wp\/v2\/types\/page"}],"author":[{"embeddable":true,"href":"https:\/\/activili.se\/en\/wp-json\/wp\/v2\/users\/1"}],"replies":[{"embeddable":true,"href":"https:\/\/activili.se\/en\/wp-json\/wp\/v2\/comments?post=2055"}],"version-history":[{"count":7,"href":"https:\/\/activili.se\/en\/wp-json\/wp\/v2\/pages\/2055\/revisions"}],"predecessor-version":[{"id":2081,"href":"https:\/\/activili.se\/en\/wp-json\/wp\/v2\/pages\/2055\/revisions\/2081"}],"wp:attachment":[{"href":"https:\/\/activili.se\/en\/wp-json\/wp\/v2\/media?parent=2055"}],"curies":[{"name":"wp","href":"https:\/\/api.w.org\/{rel}","templated":true}]}}