{"id":2089,"date":"2023-09-14T07:15:10","date_gmt":"2023-09-14T07:15:10","guid":{"rendered":"https:\/\/activili.se\/?page_id=2089"},"modified":"2023-09-25T10:19:15","modified_gmt":"2023-09-25T10:19:15","slug":"all-capabilities","status":"publish","type":"page","link":"https:\/\/activili.se\/en\/all-capabilities\/","title":{"rendered":"Alla funktioner"},"content":{"rendered":"<div style=\"height:32px\" aria-hidden=\"true\" class=\"wp-block-spacer\"><\/div>\n\n\n\n<div class=\"wp-block-uagb-container uagb-block-016ad1a7 default uagb-is-root-container\">\n<div class=\"wp-block-columns is-layout-flex wp-container-core-columns-is-layout-9d6595d7 wp-block-columns-is-layout-flex\">\n<div class=\"wp-block-column is-vertically-aligned-top is-layout-flow wp-block-column-is-layout-flow\" style=\"flex-basis:50%\">\n<h3 class=\"wp-block-heading has-text-align-center has-text-color\" style=\"color:#000000;font-size:32px\">Welcome to Become Our Partner<\/h3>\n\n\n\n<p>Becoming a partner with us is as simple as registering your club or individual activity on our platform. Our user-friendly registration process is designed to get you started quickly and effortlessly.<\/p>\n\n\n\n<div class=\"wp-block-buttons alignfull is-content-justification-center is-layout-flex wp-container-core-buttons-is-layout-16018d1d wp-block-buttons-is-layout-flex\">\n<div class=\"wp-block-button is-style-fill\"><a class=\"wp-block-button__link has-text-align-center wp-element-button\" href=\"https:\/\/activili.app\/register\">Register Now<\/a><\/div>\n<\/div>\n\n\n\n<p style=\"padding-top: 15px;\"><span style=\"font-weight: 400;\">We extend a warm welcome to every club or individual activity provider interested in collaborating with us. Join us to simplify lives of parents, kids and management of activities bookings, payments and refunds.<\/span><\/p>\n<\/div>\n\n\n\n<div class=\"wp-block-column is-vertically-aligned-center is-layout-flow wp-block-column-is-layout-flow\" style=\"flex-basis:50%\"><div class=\"wp-block-image\">\n<figure class=\"aligncenter size-full\"><img loading=\"lazy\" decoding=\"async\" width=\"469\" height=\"417\" src=\"https:\/\/activili.se\/wp-content\/uploads\/2023\/09\/Frame-1.png\" alt=\"\" class=\"wp-image-2090\" style=\"object-fit:cover\" srcset=\"https:\/\/activili.se\/wp-content\/uploads\/2023\/09\/Frame-1.png 469w, https:\/\/activili.se\/wp-content\/uploads\/2023\/09\/Frame-1-300x267.png 300w, https:\/\/activili.se\/wp-content\/uploads\/2023\/09\/Frame-1-13x12.png 13w, https:\/\/activili.se\/wp-content\/uploads\/2023\/09\/Frame-1-230x204.png 230w, https:\/\/activili.se\/wp-content\/uploads\/2023\/09\/Frame-1-350x311.png 350w\" sizes=\"auto, (max-width: 469px) 100vw, 469px\" \/><\/figure>\n<\/div><\/div>\n<\/div>\n\n\n\n<div class=\"wp-block-columns are-vertically-aligned-center column-reverse-mobile is-layout-flex wp-container-core-columns-is-layout-9d6595d7 wp-block-columns-is-layout-flex\">\n<div class=\"wp-block-column is-vertically-aligned-center is-layout-flow wp-block-column-is-layout-flow\" style=\"flex-basis:50%\"><div class=\"wp-block-image\">\n<figure class=\"aligncenter size-full\"><img loading=\"lazy\" decoding=\"async\" width=\"608\" height=\"381\" src=\"https:\/\/activili.se\/wp-content\/uploads\/2023\/09\/Frame-2.png\" alt=\"\" class=\"wp-image-2093\" srcset=\"https:\/\/activili.se\/wp-content\/uploads\/2023\/09\/Frame-2.png 608w, https:\/\/activili.se\/wp-content\/uploads\/2023\/09\/Frame-2-300x188.png 300w, https:\/\/activili.se\/wp-content\/uploads\/2023\/09\/Frame-2-18x12.png 18w, https:\/\/activili.se\/wp-content\/uploads\/2023\/09\/Frame-2-230x144.png 230w, https:\/\/activili.se\/wp-content\/uploads\/2023\/09\/Frame-2-350x219.png 350w, https:\/\/activili.se\/wp-content\/uploads\/2023\/09\/Frame-2-480x301.png 480w\" sizes=\"auto, (max-width: 608px) 100vw, 608px\" \/><\/figure>\n<\/div><\/div>\n\n\n\n<div class=\"wp-block-column is-vertically-aligned-center is-layout-flow wp-block-column-is-layout-flow\" style=\"flex-basis:50%\">\n<h3 class=\"wp-block-heading has-text-align-center has-text-color\" style=\"color:#000000;font-size:32px\">Activili Dashboard<\/h3>\n\n\n\n<ul>\n<li><strong>Essential Insights:<\/strong> <span style=\"font-weight: 400;\">Dashboard offers quick access to vital information, including bookings, revenue, cancellations, and customer feedback.<\/span><\/li>\n<li><strong>Multiple Branch Management:<\/strong> <span style=\"font-weight: 400;\">Partners can effortlessly register and manage multiple branches, each with its activity types, locations and payment methods.<\/span><\/li>\n<li><b>Responsibility Made Easy:<\/b> <span style=\"font-weight: 400;\">As an activity provider, your responsibility includes sending invoices promptly and managing payments efficiently.<\/span><\/li>\n<\/ul>\n<\/div>\n<\/div>\n\n\n\n<div class=\"wp-block-columns are-vertically-aligned-center is-layout-flex wp-container-core-columns-is-layout-9d6595d7 wp-block-columns-is-layout-flex\">\n<div class=\"wp-block-column is-vertically-aligned-center is-layout-flow wp-block-column-is-layout-flow\" style=\"flex-basis:50%\">\n<h3 class=\"wp-block-heading has-text-align-center has-text-color\" style=\"color:#000000;font-size:32px\">Activities Instructors<\/h3>\n\n\n\n<ul>\n<li><strong><b>Easy management of instructors<\/b>:<\/strong> <span style=\"font-weight: 400;\">Create instructors, trainers, and teachers on the Instructors page with ease.<\/span><\/li>\n<li><strong>Enhancing Transparency:<\/strong> <span style=\"font-weight: 400;\">Connect instructors to activities, allowing parents to learn more about them before booking a class.<\/span><\/li>\n<li><strong>Privacy First:<\/strong> <span style=\"font-weight: 400;\">Instructors' personal email address is not visible, ensuring their privacy.<\/span><\/li>\n<li><strong>Centralized Communication:<\/strong> <span style=\"font-weight: 400;\">Consumers can contact instructors exclusively through your club, streamlining interactions and maintaining a secure environment.<\/span><\/li>\n<\/ul>\n<\/div>\n\n\n\n<div class=\"wp-block-column is-vertically-aligned-center is-layout-flow wp-block-column-is-layout-flow\" style=\"flex-basis:50%\"><div class=\"wp-block-image\">\n<figure class=\"aligncenter size-full\"><img loading=\"lazy\" decoding=\"async\" width=\"469\" height=\"427\" src=\"https:\/\/activili.se\/wp-content\/uploads\/2023\/09\/Frame-3.png\" alt=\"\" class=\"wp-image-2096\" srcset=\"https:\/\/activili.se\/wp-content\/uploads\/2023\/09\/Frame-3.png 469w, https:\/\/activili.se\/wp-content\/uploads\/2023\/09\/Frame-3-300x273.png 300w, https:\/\/activili.se\/wp-content\/uploads\/2023\/09\/Frame-3-13x12.png 13w, https:\/\/activili.se\/wp-content\/uploads\/2023\/09\/Frame-3-230x209.png 230w, https:\/\/activili.se\/wp-content\/uploads\/2023\/09\/Frame-3-350x319.png 350w\" sizes=\"auto, (max-width: 469px) 100vw, 469px\" \/><\/figure>\n<\/div><\/div>\n<\/div>\n\n\n\n<div class=\"wp-block-columns are-vertically-aligned-center column-reverse-mobile is-layout-flex wp-container-core-columns-is-layout-9d6595d7 wp-block-columns-is-layout-flex\">\n<div class=\"wp-block-column is-vertically-aligned-center is-layout-flow wp-block-column-is-layout-flow\" style=\"flex-basis:50%\"><div class=\"wp-block-image\">\n<figure class=\"aligncenter size-full\"><img loading=\"lazy\" decoding=\"async\" width=\"477\" height=\"406\" src=\"https:\/\/activili.se\/wp-content\/uploads\/2023\/09\/Frame-4.png\" alt=\"\" class=\"wp-image-2097\" srcset=\"https:\/\/activili.se\/wp-content\/uploads\/2023\/09\/Frame-4.png 477w, https:\/\/activili.se\/wp-content\/uploads\/2023\/09\/Frame-4-300x255.png 300w, https:\/\/activili.se\/wp-content\/uploads\/2023\/09\/Frame-4-14x12.png 14w, https:\/\/activili.se\/wp-content\/uploads\/2023\/09\/Frame-4-230x196.png 230w, https:\/\/activili.se\/wp-content\/uploads\/2023\/09\/Frame-4-350x298.png 350w\" sizes=\"auto, (max-width: 477px) 100vw, 477px\" \/><\/figure>\n<\/div><\/div>\n\n\n\n<div class=\"wp-block-column is-vertically-aligned-center is-layout-flow wp-block-column-is-layout-flow\" style=\"flex-basis:50%\">\n<h3 class=\"wp-block-heading has-text-align-center has-text-color\" style=\"color:#000000;font-size:32px\">Activiti Locations<\/h3>\n\n\n\n<ul>\n<li><strong>Location Listings:<\/strong> <span style=\"font-weight: 400;\">Easily add and manage a list of locations, particularly for onsite activities.<\/span><\/li>\n<li><strong>Enhanced Consumer Convenience:<\/strong> <span style=\"font-weight: 400;\">Link locations to activities, enabling users to easily find locations and view activities on an interactive map.<\/span><\/li>\n<li><strong>Seamless Branch Integration:<\/strong> <span style=\"font-weight: 400;\">Locations can also be linked to branches, allowing for a comprehensive view of all clubs on the map.<\/span><\/li>\n<li><strong>Multiple Locations:<\/strong> <span style=\"font-weight: 400;\">Clubs may have one or several locations, whether in the same city or different cities, enhancing flexibility for both partners and consumers.<\/span><\/li>\n<\/ul>\n<\/div>\n<\/div>\n\n\n\n<div class=\"wp-block-columns are-vertically-aligned-center is-layout-flex wp-container-core-columns-is-layout-9d6595d7 wp-block-columns-is-layout-flex\">\n<div class=\"wp-block-column is-vertically-aligned-center is-layout-flow wp-block-column-is-layout-flow\" style=\"flex-basis:50%\">\n<h3 class=\"wp-block-heading has-text-align-center has-text-color\" style=\"color:#000000;font-size:32px\">Efficient Activity Management<\/h3>\n\n\n\n<ul>\n<li><strong>Comprehensive Control:<\/strong> <span style=\"font-weight: 400;\">On the activities list page, create, update, duplicate, and archive activities effortlessly.<\/span><\/li>\n<li><strong>Swift Access:<\/strong> <span style=\"font-weight: 400;\">Utilize filters and a search field to find activities quickly, saving you time and effort.<\/span><\/li>\n<li><strong>Track Bookings:<\/strong> <span style=\"font-weight: 400;\">Get a clear view of booked and total slots for each activity and manage all associated bookings from one central location.<\/span><\/li>\n<li><strong>Diverse Activity Support:<\/strong> <span style=\"font-weight: 400;\">Our platform accommodates various activity types, including sports, music, educational activities, and many more.<\/span><\/li>\n<\/ul>\n<\/div>\n\n\n\n<div class=\"wp-block-column is-vertically-aligned-center is-layout-flow wp-block-column-is-layout-flow\" style=\"flex-basis:50%\"><div class=\"wp-block-image\">\n<figure class=\"aligncenter size-full\"><img loading=\"lazy\" decoding=\"async\" width=\"502\" height=\"400\" src=\"https:\/\/activili.se\/wp-content\/uploads\/2023\/09\/Frame-5.png\" alt=\"\" class=\"wp-image-2098\" srcset=\"https:\/\/activili.se\/wp-content\/uploads\/2023\/09\/Frame-5.png 502w, https:\/\/activili.se\/wp-content\/uploads\/2023\/09\/Frame-5-300x239.png 300w, https:\/\/activili.se\/wp-content\/uploads\/2023\/09\/Frame-5-15x12.png 15w, https:\/\/activili.se\/wp-content\/uploads\/2023\/09\/Frame-5-230x183.png 230w, https:\/\/activili.se\/wp-content\/uploads\/2023\/09\/Frame-5-350x279.png 350w, https:\/\/activili.se\/wp-content\/uploads\/2023\/09\/Frame-5-480x382.png 480w\" sizes=\"auto, (max-width: 502px) 100vw, 502px\" \/><\/figure>\n<\/div><\/div>\n<\/div>\n\n\n\n<div class=\"wp-block-columns are-vertically-aligned-center column-reverse-mobile is-layout-flex wp-container-core-columns-is-layout-9d6595d7 wp-block-columns-is-layout-flex\">\n<div class=\"wp-block-column is-vertically-aligned-center is-layout-flow wp-block-column-is-layout-flow\" style=\"flex-basis:50%\"><div class=\"wp-block-image\">\n<figure class=\"aligncenter size-full\"><img loading=\"lazy\" decoding=\"async\" width=\"590\" height=\"526\" src=\"https:\/\/activili.se\/wp-content\/uploads\/2023\/09\/Frame-6.png\" alt=\"\" class=\"wp-image-2099\" srcset=\"https:\/\/activili.se\/wp-content\/uploads\/2023\/09\/Frame-6.png 590w, https:\/\/activili.se\/wp-content\/uploads\/2023\/09\/Frame-6-300x267.png 300w, https:\/\/activili.se\/wp-content\/uploads\/2023\/09\/Frame-6-13x12.png 13w, https:\/\/activili.se\/wp-content\/uploads\/2023\/09\/Frame-6-230x205.png 230w, https:\/\/activili.se\/wp-content\/uploads\/2023\/09\/Frame-6-350x312.png 350w, https:\/\/activili.se\/wp-content\/uploads\/2023\/09\/Frame-6-480x428.png 480w\" sizes=\"auto, (max-width: 590px) 100vw, 590px\" \/><\/figure>\n<\/div><\/div>\n\n\n\n<div class=\"wp-block-column is-vertically-aligned-center is-layout-flow wp-block-column-is-layout-flow\" style=\"flex-basis:50%\">\n<h3 class=\"wp-block-heading has-text-align-center has-text-color\" style=\"color:#000000;font-size:32px\">Online and On-site Activity Support<\/h3>\n\n\n\n<ul>\n<li><b>Physical and digital:<\/b> <span style=\"font-weight: 400;\">Activili offers support for both online and on-site activities, providing flexibility for all types of clubs.<\/span><\/li>\n<li><strong>Seamless Online Experience:<\/strong> <span style=\"font-weight: 400;\">For online activities, specify the platform you wish to use and the connection details. Users receive the link after booking approval, ensuring easy access.<\/span><\/li>\n<li><strong>Recurring Courses Made Simple:<\/strong> <span style=\"font-weight: 400;\">Create recurring online courses as meetings on Google Meet or Zoom, then add them to the Online Joining Details.<\/span><\/li>\n<li><strong>Convenient Link Addition:<\/strong> <span style=\"font-weight: 400;\">You can always add the link before the class begins, and consumers will find it in their bookings via mobile apps or receive it through email our Communication module.<\/span><\/li>\n<\/ul>\n<\/div>\n<\/div>\n\n\n\n<div class=\"wp-block-columns are-vertically-aligned-center is-layout-flex wp-container-core-columns-is-layout-9d6595d7 wp-block-columns-is-layout-flex\">\n<div class=\"wp-block-column is-layout-flow wp-block-column-is-layout-flow\" style=\"flex-basis:100%\">\n<h3 class=\"wp-block-heading has-text-align-center has-text-color\" style=\"color:#000000;font-size:32px\">Flexible Activity Scheduling<\/h3>\n\n\n\n<p><span style=\"font-weight: 400;\">Effortlessly manage and customize your activity schedules with Activili's versatile tools. Here is what you can do:<\/span><\/p>\n<ul>\n<li><strong>Event or Course: <span style=\"font-weight: 400;\">Easily schedule activities as single events or recurring courses to fit your club's needs.<\/span><\/strong><\/li>\n<li><strong>Customized Course Dates: <b>\u00a0<\/b><span style=\"font-weight: 400;\">Select start and end dates for courses, and exclude specific dates, such as school holidays or instructor vacations, when activities won't take place.<\/span><\/strong><\/li>\n<li><strong>Age Group Specification: <span style=\"font-weight: 400;\">Define target age groups, ensuring activities are tailored to the right participants.<\/span><\/strong><\/li>\n<li><strong>Timings and Capacity: <span style=\"font-weight: 400;\">Set activity timings, maximum participant limits, and specify weekdays to streamline scheduling.<\/span><\/strong><\/li>\n<li><strong>Important Details: <span style=\"font-weight: 400;\">Provide essential information about the course to help participants make informed decisions.<\/span><\/strong><\/li>\n<\/ul>\n<p><img loading=\"lazy\" decoding=\"async\" class=\"aligncenter wp-image-2103 size-full\" src=\"https:\/\/activili.se\/wp-content\/uploads\/2023\/09\/Frame-7.png\" alt=\"\" width=\"1127\" height=\"643\" srcset=\"https:\/\/activili.se\/wp-content\/uploads\/2023\/09\/Frame-7.png 1127w, https:\/\/activili.se\/wp-content\/uploads\/2023\/09\/Frame-7-300x171.png 300w, https:\/\/activili.se\/wp-content\/uploads\/2023\/09\/Frame-7-1024x584.png 1024w, https:\/\/activili.se\/wp-content\/uploads\/2023\/09\/Frame-7-768x438.png 768w, https:\/\/activili.se\/wp-content\/uploads\/2023\/09\/Frame-7-18x10.png 18w, https:\/\/activili.se\/wp-content\/uploads\/2023\/09\/Frame-7-1000x571.png 1000w, https:\/\/activili.se\/wp-content\/uploads\/2023\/09\/Frame-7-230x131.png 230w, https:\/\/activili.se\/wp-content\/uploads\/2023\/09\/Frame-7-350x200.png 350w, https:\/\/activili.se\/wp-content\/uploads\/2023\/09\/Frame-7-480x274.png 480w\" sizes=\"auto, (max-width: 1127px) 100vw, 1127px\" \/><\/p>\n<\/div>\n<\/div>\n\n\n\n<div class=\"wp-block-columns are-vertically-aligned-center is-layout-flex wp-container-core-columns-is-layout-9d6595d7 wp-block-columns-is-layout-flex\">\n<div class=\"wp-block-column is-vertically-aligned-center is-layout-flow wp-block-column-is-layout-flow\" style=\"flex-basis:50%\">\n<h3 class=\"wp-block-heading has-text-align-center has-text-color\" style=\"color:#000000;font-size:32px\">Efficient Booking Management<\/h3>\n\n\n\n<ul>\n<li><strong>Publishing and Booking Times: <span style=\"font-weight: 400;\">Set the activity's publishing and booking periods, defining when it's visible to consumers and when they can book.<\/span><\/strong><\/li>\n<li><strong>Booking Types: <span style=\"font-weight: 400;\">Choose between \"Public\" and \"Private\" booking types. Public activities are visible to everyone, while private ones require a receivable link for access.<\/span><\/strong><\/li>\n<li><strong>Approval Options: <span style=\"font-weight: 400;\">Opt for \"Automatic\" approval for instant bookings when slots are available. In case of limited slots, consumers will join a queue for consideration.<\/span><\/strong><\/li>\n<\/ul>\n<\/div>\n\n\n\n<div class=\"wp-block-column is-vertically-aligned-center is-layout-flow wp-block-column-is-layout-flow\" style=\"flex-basis:50%\"><div class=\"wp-block-image\">\n<figure class=\"aligncenter size-full\"><img loading=\"lazy\" decoding=\"async\" width=\"502\" height=\"416\" src=\"https:\/\/activili.se\/wp-content\/uploads\/2023\/09\/Frame-8.png\" alt=\"\" class=\"wp-image-2100\" srcset=\"https:\/\/activili.se\/wp-content\/uploads\/2023\/09\/Frame-8.png 502w, https:\/\/activili.se\/wp-content\/uploads\/2023\/09\/Frame-8-300x249.png 300w, https:\/\/activili.se\/wp-content\/uploads\/2023\/09\/Frame-8-14x12.png 14w, https:\/\/activili.se\/wp-content\/uploads\/2023\/09\/Frame-8-230x191.png 230w, https:\/\/activili.se\/wp-content\/uploads\/2023\/09\/Frame-8-350x290.png 350w, https:\/\/activili.se\/wp-content\/uploads\/2023\/09\/Frame-8-480x398.png 480w\" sizes=\"auto, (max-width: 502px) 100vw, 502px\" \/><\/figure>\n<\/div><\/div>\n<\/div>\n\n\n\n<div class=\"wp-block-columns are-vertically-aligned-center column-reverse-mobile is-layout-flex wp-container-core-columns-is-layout-9d6595d7 wp-block-columns-is-layout-flex\">\n<div class=\"wp-block-column is-vertically-aligned-center is-layout-flow wp-block-column-is-layout-flow\" style=\"flex-basis:50%\"><div class=\"wp-block-image\">\n<figure class=\"aligncenter size-full\"><img loading=\"lazy\" decoding=\"async\" width=\"549\" height=\"408\" src=\"https:\/\/activili.se\/wp-content\/uploads\/2023\/09\/Frame-9.png\" alt=\"\" class=\"wp-image-2101\" srcset=\"https:\/\/activili.se\/wp-content\/uploads\/2023\/09\/Frame-9.png 549w, https:\/\/activili.se\/wp-content\/uploads\/2023\/09\/Frame-9-300x223.png 300w, https:\/\/activili.se\/wp-content\/uploads\/2023\/09\/Frame-9-16x12.png 16w, https:\/\/activili.se\/wp-content\/uploads\/2023\/09\/Frame-9-230x171.png 230w, https:\/\/activili.se\/wp-content\/uploads\/2023\/09\/Frame-9-350x260.png 350w, https:\/\/activili.se\/wp-content\/uploads\/2023\/09\/Frame-9-480x357.png 480w\" sizes=\"auto, (max-width: 549px) 100vw, 549px\" \/><\/figure>\n<\/div><\/div>\n\n\n\n<div class=\"wp-block-column is-vertically-aligned-center is-layout-flow wp-block-column-is-layout-flow\" style=\"flex-basis:50%\">\n<h3 class=\"wp-block-heading has-text-align-center has-text-color\" style=\"color:#000000;font-size:32px\">Clear Cancellation Policy<\/h3>\n\n\n\n<p><span style=\"font-weight: 400;\">Erbjuda en tydlig och r\u00e4ttvis avbokningspolicy f\u00f6r ge konsumenterna en enkel bokningsupplevelse.<\/span><\/p>\n<ul>\n<li><strong>Cancellation Conditions: <span style=\"font-weight: 400;\">Cancellation policy provides consumers an information on when an activity can be canceled.<\/span><\/strong><\/li>\n<li><strong>Additional Charges: <span style=\"font-weight: 400;\">It clarifies if there are any extra fees associated with cancellations.<\/span><\/strong><\/li>\n<li><strong>Refund Details: <span style=\"font-weight: 400;\">Important information about refund procedures is outlined, ensuring transparency if a consumer has already made a payment<\/span><\/strong><\/li>\n<\/ul>\n<\/div>\n<\/div>\n\n\n\n<div class=\"wp-block-columns are-vertically-aligned-center is-layout-flex wp-container-core-columns-is-layout-9d6595d7 wp-block-columns-is-layout-flex\">\n<div class=\"wp-block-column is-layout-flow wp-block-column-is-layout-flow\" style=\"flex-basis:100%\">\n<h3 class=\"wp-block-heading has-text-align-center has-text-color\" style=\"color:#000000;font-size:32px\">Simplify Booking Management<\/h3>\n\n\n\n<p><span style=\"font-weight: 400;\">Simplify your club's booking management with Activili and focus on what truly matters<\/span><\/p>\n<ul>\n<li><strong>Streamlined Booking Management: <span style=\"font-weight: 400;\">Our Booking module is designed to alleviate the biggest hassles clubs face by efficiently handling bookings, cancellation requests, and payment statuses.<\/span><\/strong><\/li>\n<li><strong>Effortless Control: <span style=\"font-weight: 400;\">Manage your bookings with ease, ensuring smooth and hassle-free operations.<\/span><\/strong><\/li>\n<li><strong><b>Focus on what matters most<\/b>: <span style=\"font-weight: 400;\">Let our platform handle the bookings, allowing you to concentrate on delivering exceptional club experiences.<\/span><\/strong><\/li>\n<\/ul>\n<p><img loading=\"lazy\" decoding=\"async\" class=\"aligncenter wp-image-2104 size-full\" src=\"https:\/\/activili.se\/wp-content\/uploads\/2023\/09\/Frame-10.png\" alt=\"\" width=\"1148\" height=\"408\" srcset=\"https:\/\/activili.se\/wp-content\/uploads\/2023\/09\/Frame-10.png 1148w, https:\/\/activili.se\/wp-content\/uploads\/2023\/09\/Frame-10-300x107.png 300w, https:\/\/activili.se\/wp-content\/uploads\/2023\/09\/Frame-10-1024x364.png 1024w, https:\/\/activili.se\/wp-content\/uploads\/2023\/09\/Frame-10-768x273.png 768w, https:\/\/activili.se\/wp-content\/uploads\/2023\/09\/Frame-10-18x6.png 18w, https:\/\/activili.se\/wp-content\/uploads\/2023\/09\/Frame-10-1000x355.png 1000w, https:\/\/activili.se\/wp-content\/uploads\/2023\/09\/Frame-10-230x82.png 230w, https:\/\/activili.se\/wp-content\/uploads\/2023\/09\/Frame-10-350x124.png 350w, https:\/\/activili.se\/wp-content\/uploads\/2023\/09\/Frame-10-480x171.png 480w\" sizes=\"auto, (max-width: 1148px) 100vw, 1148px\" \/><\/p>\n<\/div>\n<\/div>\n\n\n\n<div class=\"wp-block-columns are-vertically-aligned-center is-layout-flex wp-container-core-columns-is-layout-9d6595d7 wp-block-columns-is-layout-flex\">\n<div class=\"wp-block-column is-vertically-aligned-center is-layout-flow wp-block-column-is-layout-flow\" style=\"flex-basis:50%\">\n<h3 class=\"wp-block-heading has-text-align-center has-text-color\" style=\"color:#000000;font-size:32px\">Effortless Communication<\/h3>\n\n\n\n<ul>\n<li><strong>Communication Hub: <span style=\"font-weight: 400;\">Our Communication page simplifies sending emails to individual consumers or groups for various purposes, such as information updates, invoices, and important notifications.<\/span><\/strong><\/li>\n<li><strong>Invoice Management: <span style=\"font-weight: 400;\">Easily send invoices to course or event participants, or those awaiting cancellation request approvals, streamlining financial transactions.<\/span><\/strong><\/li>\n<li><strong>Course Details: <span style=\"font-weight: 400;\">Communicate course specifics to consumers, ensuring they have all the necessary information.<\/span><\/strong><\/li>\n<li><strong>Notification Options: <span style=\"font-weight: 400;\">Consumers receive communication through push notifications via the mobile app or email, enhancing accessibility.<\/span><\/strong><\/li>\n<\/ul>\n<\/div>\n\n\n\n<div class=\"wp-block-column is-vertically-aligned-center is-layout-flow wp-block-column-is-layout-flow\" style=\"flex-basis:50%\"><div class=\"wp-block-image\">\n<figure class=\"aligncenter size-full\"><img loading=\"lazy\" decoding=\"async\" width=\"540\" height=\"429\" src=\"https:\/\/activili.se\/wp-content\/uploads\/2023\/09\/Frame-11.png\" alt=\"\" class=\"wp-image-2102\" srcset=\"https:\/\/activili.se\/wp-content\/uploads\/2023\/09\/Frame-11.png 540w, https:\/\/activili.se\/wp-content\/uploads\/2023\/09\/Frame-11-300x238.png 300w, https:\/\/activili.se\/wp-content\/uploads\/2023\/09\/Frame-11-15x12.png 15w, https:\/\/activili.se\/wp-content\/uploads\/2023\/09\/Frame-11-230x183.png 230w, https:\/\/activili.se\/wp-content\/uploads\/2023\/09\/Frame-11-350x278.png 350w, https:\/\/activili.se\/wp-content\/uploads\/2023\/09\/Frame-11-480x381.png 480w\" sizes=\"auto, (max-width: 540px) 100vw, 540px\" \/><\/figure>\n<\/div><\/div>\n<\/div>\n<\/div>","protected":false},"excerpt":{"rendered":"<p>V\u00e4lkommen att Bli V\u00e5r Partner Att bli partner med Activili \u00e4r lika enkelt som att registrera din klubb eller individuell aktivitet p\u00e5 [&hellip;]<\/p>","protected":false},"author":1,"featured_media":0,"parent":0,"menu_order":0,"comment_status":"closed","ping_status":"closed","template":"","meta":{"_uag_custom_page_level_css":"","footnotes":""},"class_list":["post-2089","page","type-page","status-publish","hentry"],"uagb_featured_image_src":{"full":false,"thumbnail":false,"medium":false,"medium_large":false,"large":false,"1536x1536":false,"2048x2048":false,"trp-custom-language-flag":false,"sydney-large-thumb":false,"sydney-medium-thumb":false,"sydney-small-thumb":false,"sydney-service-thumb":false,"sydney-mas-thumb":false},"uagb_author_info":{"display_name":"admin","author_link":"https:\/\/activili.se\/en\/author\/admin\/"},"uagb_comment_info":0,"uagb_excerpt":"V\u00e4lkommen att Bli V\u00e5r Partner Att bli partner med Activili \u00e4r lika enkelt som att registrera din klubb eller individuell aktivitet p\u00e5 [&hellip;]","_links":{"self":[{"href":"https:\/\/activili.se\/en\/wp-json\/wp\/v2\/pages\/2089","targetHints":{"allow":["GET"]}}],"collection":[{"href":"https:\/\/activili.se\/en\/wp-json\/wp\/v2\/pages"}],"about":[{"href":"https:\/\/activili.se\/en\/wp-json\/wp\/v2\/types\/page"}],"author":[{"embeddable":true,"href":"https:\/\/activili.se\/en\/wp-json\/wp\/v2\/users\/1"}],"replies":[{"embeddable":true,"href":"https:\/\/activili.se\/en\/wp-json\/wp\/v2\/comments?post=2089"}],"version-history":[{"count":23,"href":"https:\/\/activili.se\/en\/wp-json\/wp\/v2\/pages\/2089\/revisions"}],"predecessor-version":[{"id":2141,"href":"https:\/\/activili.se\/en\/wp-json\/wp\/v2\/pages\/2089\/revisions\/2141"}],"wp:attachment":[{"href":"https:\/\/activili.se\/en\/wp-json\/wp\/v2\/media?parent=2089"}],"curies":[{"name":"wp","href":"https:\/\/api.w.org\/{rel}","templated":true}]}}